{"id":1372,"date":"2023-12-16T14:02:01","date_gmt":"2023-12-16T14:02:01","guid":{"rendered":"https:\/\/fullgospel-mission.org\/?page_id=1372"},"modified":"2024-02-21T17:48:39","modified_gmt":"2024-02-21T17:48:39","slug":"our-beleifs","status":"publish","type":"page","link":"https:\/\/fullgospel-mission.org\/fr\/our-beleifs\/","title":{"rendered":"Nos croyances"},"content":{"rendered":"<div data-elementor-type=\"wp-page\" data-elementor-id=\"1372\" class=\"elementor elementor-1372\" data-elementor-post-type=\"page\">\n\t\t\t\t\t\t<section class=\"elementor-section elementor-top-section elementor-element elementor-element-1164b14 elementor-section-height-min-height elementor-section-boxed elementor-section-height-default elementor-section-items-middle\" data-id=\"1164b14\" data-element_type=\"section\">\n\t\t\t\t\t\t\t<div class=\"elementor-background-overlay\"><\/div>\n\t\t\t\t\t\t\t<div class=\"elementor-container elementor-column-gap-default\">\n\t\t\t\t\t<div class=\"elementor-column elementor-col-33 elementor-top-column elementor-element elementor-element-321f65c\" data-id=\"321f65c\" data-element_type=\"column\">\n\t\t\t<div class=\"elementor-widget-wrap\">\n\t\t\t\t\t\t\t<\/div>\n\t\t<\/div>\n\t\t\t\t<div class=\"elementor-column elementor-col-33 elementor-top-column elementor-element elementor-element-aef7515\" data-id=\"aef7515\" data-element_type=\"column\">\n\t\t\t<div class=\"elementor-widget-wrap\">\n\t\t\t\t\t\t\t<\/div>\n\t\t<\/div>\n\t\t\t\t<div class=\"elementor-column elementor-col-33 elementor-top-column elementor-element elementor-element-760faa4\" data-id=\"760faa4\" data-element_type=\"column\">\n\t\t\t<div class=\"elementor-widget-wrap\">\n\t\t\t\t\t\t\t<\/div>\n\t\t<\/div>\n\t\t\t\t\t<\/div>\n\t\t<\/section>\n\t\t\t\t<section class=\"elementor-section elementor-top-section elementor-element elementor-element-4641ef7 elementor-section-boxed elementor-section-height-default elementor-section-height-default\" data-id=\"4641ef7\" data-element_type=\"section\">\n\t\t\t\t\t\t<div class=\"elementor-container elementor-column-gap-default\">\n\t\t\t\t\t<div class=\"elementor-column elementor-col-33 elementor-top-column elementor-element elementor-element-ce57c9f\" data-id=\"ce57c9f\" data-element_type=\"column\">\n\t\t\t<div class=\"elementor-widget-wrap elementor-element-populated\">\n\t\t\t\t\t\t<div class=\"elementor-element elementor-element-a97bf8e elementor-widget elementor-widget-image\" data-id=\"a97bf8e\" data-element_type=\"widget\" data-widget_type=\"image.default\">\n\t\t\t\t<div class=\"elementor-widget-container\">\n\t\t\t<style>\/*! elementor - v3.20.0 - 26-03-2024 *\/\n.elementor-widget-image{text-align:center}.elementor-widget-image a{display:inline-block}.elementor-widget-image a img[src$=\".svg\"]{width:48px}.elementor-widget-image img{vertical-align:middle;display:inline-block}<\/style>\t\t\t\t\t\t\t\t\t\t<img decoding=\"async\" width=\"155\" height=\"140\" src=\"https:\/\/fullgospel-mission.org\/wp-content\/uploads\/2024\/02\/Oval.png\" class=\"attachment-large size-large wp-image-1680\" alt=\"\" srcset=\"https:\/\/fullgospel-mission.org\/wp-content\/uploads\/2024\/02\/Oval.png 155w, https:\/\/fullgospel-mission.org\/wp-content\/uploads\/2024\/02\/Oval-13x12.png 13w\" sizes=\"100vw\" \/>\t\t\t\t\t\t\t\t\t\t\t\t\t<\/div>\n\t\t\t\t<\/div>\n\t\t\t\t\t<\/div>\n\t\t<\/div>\n\t\t\t\t<div class=\"elementor-column elementor-col-33 elementor-top-column elementor-element elementor-element-d2b376b\" data-id=\"d2b376b\" data-element_type=\"column\">\n\t\t\t<div class=\"elementor-widget-wrap elementor-element-populated\">\n\t\t\t\t\t\t<div class=\"elementor-element elementor-element-f05db24 elementor-widget elementor-widget-heading\" data-id=\"f05db24\" data-element_type=\"widget\" data-widget_type=\"heading.default\">\n\t\t\t\t<div class=\"elementor-widget-container\">\n\t\t\t<style>\/*! elementor - v3.20.0 - 26-03-2024 *\/\n.elementor-heading-title{padding:0;margin:0;line-height:1}.elementor-widget-heading .elementor-heading-title[class*=elementor-size-]>a{color:inherit;font-size:inherit;line-height:inherit}.elementor-widget-heading .elementor-heading-title.elementor-size-small{font-size:15px}.elementor-widget-heading .elementor-heading-title.elementor-size-medium{font-size:19px}.elementor-widget-heading .elementor-heading-title.elementor-size-large{font-size:29px}.elementor-widget-heading .elementor-heading-title.elementor-size-xl{font-size:39px}.elementor-widget-heading .elementor-heading-title.elementor-size-xxl{font-size:59px}<\/style><h3 class=\"elementor-heading-title elementor-size-default\">NOTRE PROFESSION DE FOI<\/h3>\t\t<\/div>\n\t\t\t\t<\/div>\n\t\t\t\t\t<\/div>\n\t\t<\/div>\n\t\t\t\t<div class=\"elementor-column elementor-col-33 elementor-top-column elementor-element elementor-element-ff7a2f9\" data-id=\"ff7a2f9\" data-element_type=\"column\">\n\t\t\t<div class=\"elementor-widget-wrap elementor-element-populated\">\n\t\t\t\t\t\t<div class=\"elementor-element elementor-element-6677449 elementor-widget__width-initial elementor-widget elementor-widget-image\" data-id=\"6677449\" data-element_type=\"widget\" data-widget_type=\"image.default\">\n\t\t\t\t<div class=\"elementor-widget-container\">\n\t\t\t\t\t\t\t\t\t\t\t\t\t<img decoding=\"async\" width=\"198\" height=\"190\" src=\"https:\/\/fullgospel-mission.org\/wp-content\/uploads\/2024\/02\/Fill-1.png\" class=\"attachment-large size-large wp-image-1681\" alt=\"\" srcset=\"https:\/\/fullgospel-mission.org\/wp-content\/uploads\/2024\/02\/Fill-1.png 198w, https:\/\/fullgospel-mission.org\/wp-content\/uploads\/2024\/02\/Fill-1-13x12.png 13w\" sizes=\"100vw\" \/>\t\t\t\t\t\t\t\t\t\t\t\t\t<\/div>\n\t\t\t\t<\/div>\n\t\t\t\t\t<\/div>\n\t\t<\/div>\n\t\t\t\t\t<\/div>\n\t\t<\/section>\n\t\t\t\t<section class=\"elementor-section elementor-top-section elementor-element elementor-element-19dbae2 elementor-section-full_width elementor-section-height-min-height elementor-section-items-stretch elementor-section-content-middle elementor-reverse-mobile elementor-section-height-default\" data-id=\"19dbae2\" data-element_type=\"section\" data-settings=\"{&quot;background_background&quot;:&quot;classic&quot;}\">\n\t\t\t\t\t\t<div class=\"elementor-container elementor-column-gap-no\">\n\t\t\t\t\t<div class=\"elementor-column elementor-col-100 elementor-top-column elementor-element elementor-element-434f5d9\" data-id=\"434f5d9\" data-element_type=\"column\" data-settings=\"{&quot;background_background&quot;:&quot;classic&quot;}\">\n\t\t\t<div class=\"elementor-widget-wrap elementor-element-populated\">\n\t\t\t\t\t\t<div class=\"elementor-element elementor-element-62c9e07 elementor-widget__width-initial elementor-widget elementor-widget-text-editor\" data-id=\"62c9e07\" data-element_type=\"widget\" data-widget_type=\"text-editor.default\">\n\t\t\t\t<div class=\"elementor-widget-container\">\n\t\t\t<style>\/*! elementor - v3.20.0 - 26-03-2024 *\/\n.elementor-widget-text-editor.elementor-drop-cap-view-stacked .elementor-drop-cap{background-color:#69727d;color:#fff}.elementor-widget-text-editor.elementor-drop-cap-view-framed .elementor-drop-cap{color:#69727d;border:3px solid;background-color:transparent}.elementor-widget-text-editor:not(.elementor-drop-cap-view-default) .elementor-drop-cap{margin-top:8px}.elementor-widget-text-editor:not(.elementor-drop-cap-view-default) .elementor-drop-cap-letter{width:1em;height:1em}.elementor-widget-text-editor .elementor-drop-cap{float:left;text-align:center;line-height:1;font-size:50px}.elementor-widget-text-editor .elementor-drop-cap-letter{display:inline-block}<\/style>\t\t\t\t<p>1- Nous croyons en la TRINITE DE DIEU.<br \/>2- Nous croyons en DIEU LE P\u00c8RE.<br \/>3-\tNous croyons en J\u00c9SUS-CHRIST, le FILS DE DIEU, v\u00e9ritable Dieu et v\u00e9ritable homme, cependant sans p\u00e9ch\u00e9. Il a \u00e9t\u00e9 con\u00e7u du Saint-Esprit et est n\u00e9 de la Vierge Marie. Il est mort en tant que Sauveur pour la r\u00e9demption du monde et est ressuscit\u00e9 corporellement le troisi\u00e8me jour. Il est mont\u00e9 au ciel, s\u2019est assis \u00e0 la droite de Dieu le P\u00e8re et interc\u00e8de maintenant pour ses disciples. C\u2019est en tant que Seigneur et Roi qu\u2019il reviendra sur terre et ainsi, Il sera \u00e0 jamais uni avec son \u00c9glise.<br \/>4-\tNous croyons au SAINT-ESPRIT, comme \u00e9tant la troisi\u00e8me personne de la Trinit\u00e9.<br \/>5-\tNous croyons en la SAINTE BIBLE, compos\u00e9e de soixante - six livres, comme \u00e9tant la Parole inspir\u00e9e de Dieu ; pour cette raison elle a autorit\u00e9 supr\u00eame sur les questions relatives \u00e0 la foi, au culte et \u00e0 la doctrine.<br \/>6-\tNous croyons en UNE SEULE \u00c9GLISE CHR\u00c9TIENNE UNIVERSELLE constitu\u00e9e de tous les disciples de J\u00e9sus-Christ, v\u00e9ritablement n\u00e9s de nouveau et sanctifi\u00e9s.<br \/>7-\tNous croyons en la NATURE P\u00c9CHERESSE ABSOLUE DE L\u2019HOMME ET A SON \u00c9TAT DE PERDITION. UNE VRAIE R\u00c9G\u00c9N\u00c9RATION au travers de la repentance et de la foi en J\u00e9sus-Christ, le seul vrai et tout suffisant Sauveur, est donc n\u00e9cessaire pour le salut.<br \/>8-\tNous croyons au BAPT\u00caME D\u2019EAU PAR IMMERSION au nom du P\u00e8re, du Fils et du Saint-Esprit, mais ledit bapt\u00eame doit \u00eatre pr\u00e9c\u00e9d\u00e9 par la repentance et la foi en Christ.<br \/>9-\tNous croyons au BAPT\u00caME DANS LE SAINT-ESPRIT, en tant qu\u2019exp\u00e9rience subs\u00e9quente \u00e0 la conversion avec pour preuve initiale le parler en langues et la proph\u00e9tie. Nous croyons aussi en la manifestation actuelle de tous les dons du Saint-Esprit (1 Corinthiens 12 et 14, 1Pierre4.10), des MINIST\u00c8RES SPIRITUELS selon \u00c9ph\u00e9siens 4 : 11 \u2013 13  et du FRUIT DE L\u2019ESPRIT (Galates 5 : 22 \u2013 23).<br \/>10-\t Nous croyons en la n\u00e9cessit\u00e9 de la SANCTIFICATION de tous les croyants et en la POSSIBILIT\u00c9 D\u2019ETRE D\u00c9CHU DE LA GRACE.<br \/>11-\tNous croyons en la R\u00c9SURRECTION CORPORELLE DES MORTS et \u00e0 l\u2019enl\u00e8vement de l\u2019Eglise<br \/>12-\tNous croyons au JUGEMENT FINAL et \u00e0 la CONDAMNATION \u00c9TERNELLE de Satan et tous ses partisans, mais croyons \u00e0 la VIE \u00c9TERNELLE et \u00e0 la r\u00e9compense r\u00e9serv\u00e9es \u00e0 tout vrai chr\u00e9tien.<\/p>\t\t\t\t\t\t<\/div>\n\t\t\t\t<\/div>\n\t\t\t\t\t<\/div>\n\t\t<\/div>\n\t\t\t\t\t<\/div>\n\t\t<\/section>\n\t\t\t\t<\/div>","protected":false},"excerpt":{"rendered":"<p>OUR PROFESSION OF FAITH 1- We believe in the TRINITY OF GOD.2- We believe in GOD THE FATHER.3- We believe in JESUS CHRIST, the SON OF GOD, true God and true man, yet without sin. He was conceived of the Holy Spirit and born of the Virgin Mary. He died as Savior for the redemption &hellip; <a href=\"https:\/\/fullgospel-mission.org\/fr\/our-beleifs\/\" class=\"more-link\">Poursuivre la lecture <span class=\"screen-reader-text\"> &#8220;Our Beleifs&#8221;<\/span><\/a><\/p>","protected":false},"author":1,"featured_media":0,"parent":0,"menu_order":0,"comment_status":"closed","ping_status":"closed","template":"elementor_header_footer","meta":{"footnotes":""},"yoast_head":"<!-- This site is optimized with the Yoast SEO plugin v22.4 - https:\/\/yoast.com\/wordpress\/plugins\/seo\/ -->\n<title>Our Beleifs - Full Gospel Mission<\/title>\n<meta name=\"robots\" content=\"index, follow, max-snippet:-1, max-image-preview:large, max-video-preview:-1\" \/>\n<link rel=\"canonical\" href=\"https:\/\/fullgospel-mission.org\/fr\/our-beleifs\/\" \/>\n<meta property=\"og:locale\" content=\"fr_FR\" \/>\n<meta property=\"og:type\" content=\"article\" \/>\n<meta property=\"og:title\" content=\"Our Beleifs - Full Gospel Mission\" \/>\n<meta property=\"og:description\" content=\"OUR PROFESSION OF FAITH 1- We believe in the TRINITY OF GOD.2- We believe in GOD THE FATHER.3- We believe in JESUS CHRIST, the SON OF GOD, true God an\" \/>\n<meta property=\"og:url\" content=\"https:\/\/fullgospel-mission.org\/fr\/our-beleifs\/\" \/>\n<meta property=\"og:site_name\" content=\"Full Gospel Mission\" \/>\n<meta property=\"article:modified_time\" content=\"2024-02-21T17:48:39+00:00\" \/>\n<meta property=\"og:image\" content=\"https:\/\/fullgospel-mission.org\/wp-content\/uploads\/2024\/02\/Oval.png\" \/>\n<meta name=\"twitter:card\" content=\"summary_large_image\" \/>\n<meta name=\"twitter:label1\" content=\"Dur\u00e9e de lecture estim\u00e9e\" \/>\n\t<meta name=\"twitter:data1\" content=\"3 minutes\" \/>\n<script type=\"application\/ld+json\" class=\"yoast-schema-graph\">{\"@context\":\"https:\/\/schema.org\",\"@graph\":[{\"@type\":\"WebPage\",\"@id\":\"https:\/\/fullgospel-mission.org\/fr\/our-beleifs\/\",\"url\":\"https:\/\/fullgospel-mission.org\/fr\/our-beleifs\/\",\"name\":\"Our Beleifs - Full Gospel Mission\",\"isPartOf\":{\"@id\":\"https:\/\/fullgospel-mission.org\/fr\/#website\"},\"primaryImageOfPage\":{\"@id\":\"https:\/\/fullgospel-mission.org\/fr\/our-beleifs\/#primaryimage\"},\"image\":{\"@id\":\"https:\/\/fullgospel-mission.org\/fr\/our-beleifs\/#primaryimage\"},\"thumbnailUrl\":\"https:\/\/fullgospel-mission.org\/wp-content\/uploads\/2024\/02\/Oval.png\",\"datePublished\":\"2023-12-16T14:02:01+00:00\",\"dateModified\":\"2024-02-21T17:48:39+00:00\",\"breadcrumb\":{\"@id\":\"https:\/\/fullgospel-mission.org\/fr\/our-beleifs\/#breadcrumb\"},\"inLanguage\":\"fr-FR\",\"potentialAction\":[{\"@type\":\"ReadAction\",\"target\":[\"https:\/\/fullgospel-mission.org\/fr\/our-beleifs\/\"]}]},{\"@type\":\"ImageObject\",\"inLanguage\":\"fr-FR\",\"@id\":\"https:\/\/fullgospel-mission.org\/fr\/our-beleifs\/#primaryimage\",\"url\":\"https:\/\/fullgospel-mission.org\/wp-content\/uploads\/2024\/02\/Oval.png\",\"contentUrl\":\"https:\/\/fullgospel-mission.org\/wp-content\/uploads\/2024\/02\/Oval.png\"},{\"@type\":\"BreadcrumbList\",\"@id\":\"https:\/\/fullgospel-mission.org\/fr\/our-beleifs\/#breadcrumb\",\"itemListElement\":[{\"@type\":\"ListItem\",\"position\":1,\"name\":\"Home\",\"item\":\"https:\/\/fullgospel-mission.org\/\"},{\"@type\":\"ListItem\",\"position\":2,\"name\":\"Our Beleifs\"}]},{\"@type\":\"WebSite\",\"@id\":\"https:\/\/fullgospel-mission.org\/fr\/#website\",\"url\":\"https:\/\/fullgospel-mission.org\/fr\/\",\"name\":\"Full Gospel Mission\",\"description\":\"No others Christ - No others Gospel - No others Spirit\",\"publisher\":{\"@id\":\"https:\/\/fullgospel-mission.org\/fr\/#organization\"},\"potentialAction\":[{\"@type\":\"SearchAction\",\"target\":{\"@type\":\"EntryPoint\",\"urlTemplate\":\"https:\/\/fullgospel-mission.org\/fr\/?s={search_term_string}\"},\"query-input\":\"required name=search_term_string\"}],\"inLanguage\":\"fr-FR\"},{\"@type\":\"Organization\",\"@id\":\"https:\/\/fullgospel-mission.org\/fr\/#organization\",\"name\":\"Full Gospel Mission\",\"url\":\"https:\/\/fullgospel-mission.org\/fr\/\",\"logo\":{\"@type\":\"ImageObject\",\"inLanguage\":\"fr-FR\",\"@id\":\"https:\/\/fullgospel-mission.org\/fr\/#\/schema\/logo\/image\/\",\"url\":\"https:\/\/fullgospel-mission.org\/wp-content\/uploads\/2024\/02\/cropped-logotexte.png\",\"contentUrl\":\"https:\/\/fullgospel-mission.org\/wp-content\/uploads\/2024\/02\/cropped-logotexte.png\",\"width\":2030,\"height\":722,\"caption\":\"Full Gospel Mission\"},\"image\":{\"@id\":\"https:\/\/fullgospel-mission.org\/fr\/#\/schema\/logo\/image\/\"}}]}<\/script>\n<!-- \/ Yoast SEO plugin. -->","yoast_head_json":{"title":"Our Beleifs - Full Gospel Mission","robots":{"index":"index","follow":"follow","max-snippet":"max-snippet:-1","max-image-preview":"max-image-preview:large","max-video-preview":"max-video-preview:-1"},"canonical":"https:\/\/fullgospel-mission.org\/fr\/our-beleifs\/","og_locale":"fr_FR","og_type":"article","og_title":"Our Beleifs - Full Gospel Mission","og_description":"OUR PROFESSION OF FAITH 1- We believe in the TRINITY OF GOD.2- We believe in GOD THE FATHER.3- We believe in JESUS CHRIST, the SON OF GOD, true God an","og_url":"https:\/\/fullgospel-mission.org\/fr\/our-beleifs\/","og_site_name":"Full Gospel Mission","article_modified_time":"2024-02-21T17:48:39+00:00","og_image":[{"url":"https:\/\/fullgospel-mission.org\/wp-content\/uploads\/2024\/02\/Oval.png"}],"twitter_card":"summary_large_image","twitter_misc":{"Dur\u00e9e de lecture estim\u00e9e":"3 minutes"},"schema":{"@context":"https:\/\/schema.org","@graph":[{"@type":"WebPage","@id":"https:\/\/fullgospel-mission.org\/fr\/our-beleifs\/","url":"https:\/\/fullgospel-mission.org\/fr\/our-beleifs\/","name":"Our Beleifs - Full Gospel Mission","isPartOf":{"@id":"https:\/\/fullgospel-mission.org\/fr\/#website"},"primaryImageOfPage":{"@id":"https:\/\/fullgospel-mission.org\/fr\/our-beleifs\/#primaryimage"},"image":{"@id":"https:\/\/fullgospel-mission.org\/fr\/our-beleifs\/#primaryimage"},"thumbnailUrl":"https:\/\/fullgospel-mission.org\/wp-content\/uploads\/2024\/02\/Oval.png","datePublished":"2023-12-16T14:02:01+00:00","dateModified":"2024-02-21T17:48:39+00:00","breadcrumb":{"@id":"https:\/\/fullgospel-mission.org\/fr\/our-beleifs\/#breadcrumb"},"inLanguage":"fr-FR","potentialAction":[{"@type":"ReadAction","target":["https:\/\/fullgospel-mission.org\/fr\/our-beleifs\/"]}]},{"@type":"ImageObject","inLanguage":"fr-FR","@id":"https:\/\/fullgospel-mission.org\/fr\/our-beleifs\/#primaryimage","url":"https:\/\/fullgospel-mission.org\/wp-content\/uploads\/2024\/02\/Oval.png","contentUrl":"https:\/\/fullgospel-mission.org\/wp-content\/uploads\/2024\/02\/Oval.png"},{"@type":"BreadcrumbList","@id":"https:\/\/fullgospel-mission.org\/fr\/our-beleifs\/#breadcrumb","itemListElement":[{"@type":"ListItem","position":1,"name":"Home","item":"https:\/\/fullgospel-mission.org\/"},{"@type":"ListItem","position":2,"name":"Our Beleifs"}]},{"@type":"WebSite","@id":"https:\/\/fullgospel-mission.org\/fr\/#website","url":"https:\/\/fullgospel-mission.org\/fr\/","name":"Full Gospel Mission","description":"No others Christ - No others Gospel - No others Spirit","publisher":{"@id":"https:\/\/fullgospel-mission.org\/fr\/#organization"},"potentialAction":[{"@type":"SearchAction","target":{"@type":"EntryPoint","urlTemplate":"https:\/\/fullgospel-mission.org\/fr\/?s={search_term_string}"},"query-input":"required name=search_term_string"}],"inLanguage":"fr-FR"},{"@type":"Organization","@id":"https:\/\/fullgospel-mission.org\/fr\/#organization","name":"Full Gospel Mission","url":"https:\/\/fullgospel-mission.org\/fr\/","logo":{"@type":"ImageObject","inLanguage":"fr-FR","@id":"https:\/\/fullgospel-mission.org\/fr\/#\/schema\/logo\/image\/","url":"https:\/\/fullgospel-mission.org\/wp-content\/uploads\/2024\/02\/cropped-logotexte.png","contentUrl":"https:\/\/fullgospel-mission.org\/wp-content\/uploads\/2024\/02\/cropped-logotexte.png","width":2030,"height":722,"caption":"Full Gospel Mission"},"image":{"@id":"https:\/\/fullgospel-mission.org\/fr\/#\/schema\/logo\/image\/"}}]}},"_links":{"self":[{"href":"https:\/\/fullgospel-mission.org\/fr\/wp-json\/wp\/v2\/pages\/1372"}],"collection":[{"href":"https:\/\/fullgospel-mission.org\/fr\/wp-json\/wp\/v2\/pages"}],"about":[{"href":"https:\/\/fullgospel-mission.org\/fr\/wp-json\/wp\/v2\/types\/page"}],"author":[{"embeddable":true,"href":"https:\/\/fullgospel-mission.org\/fr\/wp-json\/wp\/v2\/users\/1"}],"replies":[{"embeddable":true,"href":"https:\/\/fullgospel-mission.org\/fr\/wp-json\/wp\/v2\/comments?post=1372"}],"version-history":[{"count":0,"href":"https:\/\/fullgospel-mission.org\/fr\/wp-json\/wp\/v2\/pages\/1372\/revisions"}],"wp:attachment":[{"href":"https:\/\/fullgospel-mission.org\/fr\/wp-json\/wp\/v2\/media?parent=1372"}],"curies":[{"name":"wp","href":"https:\/\/api.w.org\/{rel}","templated":true}]}}