{"id":1393,"date":"2023-12-16T14:51:39","date_gmt":"2023-12-16T14:51:39","guid":{"rendered":"https:\/\/fullgospel-mission.org\/?page_id=1393"},"modified":"2024-03-02T18:01:05","modified_gmt":"2024-03-02T18:01:05","slug":"chaplaincy","status":"publish","type":"page","link":"https:\/\/fullgospel-mission.org\/fr\/chaplaincy\/","title":{"rendered":"Aum\u00f4nerie"},"content":{"rendered":"<div data-elementor-type=\"wp-page\" data-elementor-id=\"1393\" class=\"elementor elementor-1393\" data-elementor-post-type=\"page\">\n\t\t\t\t\t\t<section class=\"elementor-section elementor-top-section elementor-element elementor-element-ce504ef elementor-section-full_width elementor-section-height-default elementor-section-height-default\" data-id=\"ce504ef\" data-element_type=\"section\">\n\t\t\t\t\t\t<div class=\"elementor-container elementor-column-gap-no\">\n\t\t\t\t\t<div class=\"elementor-column elementor-col-100 elementor-top-column elementor-element elementor-element-9058b1a\" data-id=\"9058b1a\" data-element_type=\"column\">\n\t\t\t<div class=\"elementor-widget-wrap elementor-element-populated\">\n\t\t\t\t\t\t<div class=\"elementor-element elementor-element-93a46d9 elementor-widget elementor-widget-heading\" data-id=\"93a46d9\" data-element_type=\"widget\" data-widget_type=\"heading.default\">\n\t\t\t\t<div class=\"elementor-widget-container\">\n\t\t\t<style>\/*! elementor - v3.20.0 - 26-03-2024 *\/\n.elementor-heading-title{padding:0;margin:0;line-height:1}.elementor-widget-heading .elementor-heading-title[class*=elementor-size-]>a{color:inherit;font-size:inherit;line-height:inherit}.elementor-widget-heading .elementor-heading-title.elementor-size-small{font-size:15px}.elementor-widget-heading .elementor-heading-title.elementor-size-medium{font-size:19px}.elementor-widget-heading .elementor-heading-title.elementor-size-large{font-size:29px}.elementor-widget-heading .elementor-heading-title.elementor-size-xl{font-size:39px}.elementor-widget-heading .elementor-heading-title.elementor-size-xxl{font-size:59px}<\/style><h1 class=\"elementor-heading-title elementor-size-default\">MINISTERE DE L'AUMONERIE<\/h1>\t\t<\/div>\n\t\t\t\t<\/div>\n\t\t\t\t\t<\/div>\n\t\t<\/div>\n\t\t\t\t\t<\/div>\n\t\t<\/section>\n\t\t\t\t<section class=\"elementor-section elementor-top-section elementor-element elementor-element-390c9f5 elementor-section-boxed elementor-section-height-default elementor-section-height-default\" data-id=\"390c9f5\" data-element_type=\"section\">\n\t\t\t\t\t\t<div class=\"elementor-container elementor-column-gap-default\">\n\t\t\t\t\t<div class=\"elementor-column elementor-col-100 elementor-top-column elementor-element elementor-element-8fcf858\" data-id=\"8fcf858\" data-element_type=\"column\">\n\t\t\t<div class=\"elementor-widget-wrap elementor-element-populated\">\n\t\t\t\t\t\t<div class=\"elementor-element elementor-element-01218a1 elementor-widget elementor-widget-heading\" data-id=\"01218a1\" data-element_type=\"widget\" data-widget_type=\"heading.default\">\n\t\t\t\t<div class=\"elementor-widget-container\">\n\t\t\t<h2 class=\"elementor-heading-title elementor-size-default\">PRESENTATION<\/h2>\t\t<\/div>\n\t\t\t\t<\/div>\n\t\t\t\t<div class=\"elementor-element elementor-element-aaa4852 elementor-widget__width-initial elementor-widget elementor-widget-text-editor\" data-id=\"aaa4852\" data-element_type=\"widget\" data-widget_type=\"text-editor.default\">\n\t\t\t\t<div class=\"elementor-widget-container\">\n\t\t\t<style>\/*! elementor - v3.20.0 - 26-03-2024 *\/\n.elementor-widget-text-editor.elementor-drop-cap-view-stacked .elementor-drop-cap{background-color:#69727d;color:#fff}.elementor-widget-text-editor.elementor-drop-cap-view-framed .elementor-drop-cap{color:#69727d;border:3px solid;background-color:transparent}.elementor-widget-text-editor:not(.elementor-drop-cap-view-default) .elementor-drop-cap{margin-top:8px}.elementor-widget-text-editor:not(.elementor-drop-cap-view-default) .elementor-drop-cap-letter{width:1em;height:1em}.elementor-widget-text-editor .elementor-drop-cap{float:left;text-align:center;line-height:1;font-size:50px}.elementor-widget-text-editor .elementor-drop-cap-letter{display:inline-block}<\/style>\t\t\t\t<p>Le minist\u00e8re est fonctionnel actuellement au niveau des h\u00f4pitaux, des prisons et des \u00e9coles de la MPEC. Date de cr\u00e9ation  2006.<\/p><p>Responsables ayant dirig\u00e9:<\/p><ul><li>Reverend Jean Fran\u00e7ois KEPEDEN<\/li><li>Reverend Jean Paul HASSAN<\/li><li>Reverend Jean TEDAH<\/li><\/ul><p>Pr\u00e9sentement, le bureau national n'est pas encore pos\u00e9. Cependant, nous sommes repr\u00e9sent\u00e9s dans huit des dix r\u00e9gions.<\/p>\t\t\t\t\t\t<\/div>\n\t\t\t\t<\/div>\n\t\t\t\t<div class=\"elementor-element elementor-element-0e014c4 elementor-widget elementor-widget-heading\" data-id=\"0e014c4\" data-element_type=\"widget\" data-widget_type=\"heading.default\">\n\t\t\t\t<div class=\"elementor-widget-container\">\n\t\t\t<h2 class=\"elementor-heading-title elementor-size-default\">RESPONSABLES<\/h2>\t\t<\/div>\n\t\t\t\t<\/div>\n\t\t\t\t\t<\/div>\n\t\t<\/div>\n\t\t\t\t\t<\/div>\n\t\t<\/section>\n\t\t\t\t<section class=\"elementor-section elementor-top-section elementor-element elementor-element-acc4429 elementor-section-boxed elementor-section-height-default elementor-section-height-default\" data-id=\"acc4429\" data-element_type=\"section\">\n\t\t\t\t\t\t<div class=\"elementor-container elementor-column-gap-default\">\n\t\t\t\t\t<div class=\"elementor-column elementor-col-100 elementor-top-column elementor-element elementor-element-032ef55\" data-id=\"032ef55\" data-element_type=\"column\">\n\t\t\t<div class=\"elementor-widget-wrap elementor-element-populated\">\n\t\t\t\t\t\t<div class=\"elementor-element elementor-element-739fb91 elementor-widget elementor-widget-shortcode\" data-id=\"739fb91\" data-element_type=\"widget\" data-widget_type=\"shortcode.default\">\n\t\t\t\t<div class=\"elementor-widget-container\">\n\t\t\t\t\t<div class=\"elementor-shortcode\"><div class=\"tmm tmm_chaplaincy-ministry\"><div class=\"tmm_3_columns tmm_wrap tmm_plugin_f\"><span class=\"tmm_two_containers_tablet\"><\/span><div class=\"tmm_container\"><div class=\"tmm_member\" style=\"border-top:#333333 solid 5px;\"><div class=\"tmm_photo tmm_pic_chaplaincy-ministry_0\" style=\"background: url(https:\/\/fullgospel-mission.org\/wp-content\/uploads\/2024\/02\/telechargement-2.png); margin-left: auto; margin-right:auto; background-size:cover !important;\"><\/div><div class=\"tmm_textblock\"><div class=\"tmm_names\"><span class=\"tmm_fname\">Rev. Jean Fran\u00e7ois <\/span> <span class=\"tmm_lname\">KEPEDEN<\/span><\/div><div class=\"tmm_job\">Responsable 1<\/div><div class=\"tmm_scblock\"><a target=\"_blank\" class=\"tmm_sociallink\" href=\"\" title=\"\"><img decoding=\"async\" alt=\"\" src=\"https:\/\/fullgospel-mission.org\/wp-content\/plugins\/team-members\/inc\/img\/links\/facebook.png\"\/><\/a><a target=\"_blank\" class=\"tmm_sociallink\" href=\"\" title=\"\"><img decoding=\"async\" alt=\"\" src=\"https:\/\/fullgospel-mission.org\/wp-content\/plugins\/team-members\/inc\/img\/links\/twitter.png\"\/><\/a><a target=\"_blank\" class=\"tmm_sociallink\" href=\"\" title=\"\"><img decoding=\"async\" alt=\"\" src=\"https:\/\/fullgospel-mission.org\/wp-content\/plugins\/team-members\/inc\/img\/links\/whatsapp.png\"\/><\/a><\/div><\/div><\/div><div class=\"tmm_member\" style=\"border-top:#333333 solid 5px;\"><div class=\"tmm_photo tmm_pic_chaplaincy-ministry_1\" style=\"background: url(https:\/\/fullgospel-mission.org\/wp-content\/uploads\/2024\/02\/telechargement-2.png); margin-left: auto; margin-right:auto; background-size:cover !important;\"><\/div><div class=\"tmm_textblock\"><div class=\"tmm_names\"><span class=\"tmm_fname\">Rev. Jean Paul <\/span> <span class=\"tmm_lname\">HASSAN <\/span><\/div><div class=\"tmm_job\">Responsable 2<\/div><div class=\"tmm_scblock\"><a target=\"_blank\" class=\"tmm_sociallink\" href=\"\" title=\"\"><img decoding=\"async\" alt=\"\" src=\"https:\/\/fullgospel-mission.org\/wp-content\/plugins\/team-members\/inc\/img\/links\/facebook.png\"\/><\/a><a target=\"_blank\" class=\"tmm_sociallink\" href=\"\" title=\"\"><img decoding=\"async\" alt=\"\" src=\"https:\/\/fullgospel-mission.org\/wp-content\/plugins\/team-members\/inc\/img\/links\/twitter.png\"\/><\/a><a target=\"_blank\" class=\"tmm_sociallink\" href=\"\" title=\"\"><img decoding=\"async\" alt=\"\" src=\"https:\/\/fullgospel-mission.org\/wp-content\/plugins\/team-members\/inc\/img\/links\/whatsapp.png\"\/><\/a><\/div><\/div><\/div><span class=\"tmm_two_containers_tablet\"><\/span><div class=\"tmm_member\" style=\"border-top:#333333 solid 5px;\"><div class=\"tmm_photo tmm_pic_chaplaincy-ministry_2\" style=\"background: url(https:\/\/fullgospel-mission.org\/wp-content\/uploads\/2024\/03\/Rev.-Jean-TEDAH.jpg); margin-left: auto; margin-right:auto; background-size:cover !important;\"><\/div><div class=\"tmm_textblock\"><div class=\"tmm_names\"><span class=\"tmm_fname\">Rev. Jean <\/span> <span class=\"tmm_lname\">TEDAH <\/span><\/div><div class=\"tmm_job\">Responsable 3<\/div><div class=\"tmm_scblock\"><a target=\"_blank\" class=\"tmm_sociallink\" href=\"\" title=\"\"><img decoding=\"async\" alt=\"\" src=\"https:\/\/fullgospel-mission.org\/wp-content\/plugins\/team-members\/inc\/img\/links\/facebook.png\"\/><\/a><a target=\"_blank\" class=\"tmm_sociallink\" href=\"\" title=\"\"><img decoding=\"async\" alt=\"\" src=\"https:\/\/fullgospel-mission.org\/wp-content\/plugins\/team-members\/inc\/img\/links\/twitter.png\"\/><\/a><a target=\"_blank\" class=\"tmm_sociallink\" href=\"\" title=\"\"><img decoding=\"async\" alt=\"\" src=\"https:\/\/fullgospel-mission.org\/wp-content\/plugins\/team-members\/inc\/img\/links\/whatsapp.png\"\/><\/a><\/div><\/div><\/div><div style=\"clear:both;\"><\/div><\/div><\/div><\/div><\/div>\n\t\t\t\t<\/div>\n\t\t\t\t<\/div>\n\t\t\t\t\t<\/div>\n\t\t<\/div>\n\t\t\t\t\t<\/div>\n\t\t<\/section>\n\t\t\t\t<\/div>","protected":false},"excerpt":{"rendered":"<p>CHAPLAINCY MINISTRY PRESENTATION The department currently operates in MPEC hospitals, prisons and schools. Founded in 2006. Persons in charge: Reverend Jean Fran\u00e7ois KEPEDEN Reverend Jean Paul HASSAN Reverend Jean TEDAH At present, the national office has not yet been set up. However, we are represented in eight of the ten regions. MANAGERS<\/p>","protected":false},"author":1,"featured_media":0,"parent":0,"menu_order":0,"comment_status":"closed","ping_status":"closed","template":"elementor_header_footer","meta":{"footnotes":""},"yoast_head":"<!-- This site is optimized with the Yoast SEO plugin v22.4 - https:\/\/yoast.com\/wordpress\/plugins\/seo\/ -->\n<title>Chaplaincy - Full Gospel Mission<\/title>\n<meta name=\"robots\" content=\"index, follow, max-snippet:-1, max-image-preview:large, max-video-preview:-1\" \/>\n<link rel=\"canonical\" href=\"https:\/\/fullgospel-mission.org\/fr\/chaplaincy\/\" \/>\n<meta property=\"og:locale\" content=\"fr_FR\" \/>\n<meta property=\"og:type\" content=\"article\" \/>\n<meta property=\"og:title\" content=\"Chaplaincy - Full Gospel Mission\" \/>\n<meta property=\"og:description\" content=\"CHAPLAINCY MINISTRY PRESENTATION The department currently operates in MPEC hospitals, prisons and schools. Founded in 2006. Persons in charge: Reveren\" \/>\n<meta property=\"og:url\" content=\"https:\/\/fullgospel-mission.org\/fr\/chaplaincy\/\" \/>\n<meta property=\"og:site_name\" content=\"Full Gospel Mission\" \/>\n<meta property=\"article:modified_time\" content=\"2024-03-02T18:01:05+00:00\" \/>\n<meta name=\"twitter:card\" content=\"summary_large_image\" \/>\n<meta name=\"twitter:label1\" content=\"Dur\u00e9e de lecture estim\u00e9e\" \/>\n\t<meta name=\"twitter:data1\" content=\"1 minute\" \/>\n<script type=\"application\/ld+json\" class=\"yoast-schema-graph\">{\"@context\":\"https:\/\/schema.org\",\"@graph\":[{\"@type\":\"WebPage\",\"@id\":\"https:\/\/fullgospel-mission.org\/fr\/chaplaincy\/\",\"url\":\"https:\/\/fullgospel-mission.org\/fr\/chaplaincy\/\",\"name\":\"Chaplaincy - Full Gospel Mission\",\"isPartOf\":{\"@id\":\"https:\/\/fullgospel-mission.org\/fr\/#website\"},\"datePublished\":\"2023-12-16T14:51:39+00:00\",\"dateModified\":\"2024-03-02T18:01:05+00:00\",\"breadcrumb\":{\"@id\":\"https:\/\/fullgospel-mission.org\/fr\/chaplaincy\/#breadcrumb\"},\"inLanguage\":\"fr-FR\",\"potentialAction\":[{\"@type\":\"ReadAction\",\"target\":[\"https:\/\/fullgospel-mission.org\/fr\/chaplaincy\/\"]}]},{\"@type\":\"BreadcrumbList\",\"@id\":\"https:\/\/fullgospel-mission.org\/fr\/chaplaincy\/#breadcrumb\",\"itemListElement\":[{\"@type\":\"ListItem\",\"position\":1,\"name\":\"Home\",\"item\":\"https:\/\/fullgospel-mission.org\/\"},{\"@type\":\"ListItem\",\"position\":2,\"name\":\"Chaplaincy\"}]},{\"@type\":\"WebSite\",\"@id\":\"https:\/\/fullgospel-mission.org\/fr\/#website\",\"url\":\"https:\/\/fullgospel-mission.org\/fr\/\",\"name\":\"Full Gospel Mission\",\"description\":\"No others Christ - No others Gospel - No others Spirit\",\"publisher\":{\"@id\":\"https:\/\/fullgospel-mission.org\/fr\/#organization\"},\"potentialAction\":[{\"@type\":\"SearchAction\",\"target\":{\"@type\":\"EntryPoint\",\"urlTemplate\":\"https:\/\/fullgospel-mission.org\/fr\/?s={search_term_string}\"},\"query-input\":\"required name=search_term_string\"}],\"inLanguage\":\"fr-FR\"},{\"@type\":\"Organization\",\"@id\":\"https:\/\/fullgospel-mission.org\/fr\/#organization\",\"name\":\"Full Gospel Mission\",\"url\":\"https:\/\/fullgospel-mission.org\/fr\/\",\"logo\":{\"@type\":\"ImageObject\",\"inLanguage\":\"fr-FR\",\"@id\":\"https:\/\/fullgospel-mission.org\/fr\/#\/schema\/logo\/image\/\",\"url\":\"https:\/\/fullgospel-mission.org\/wp-content\/uploads\/2024\/02\/cropped-logotexte.png\",\"contentUrl\":\"https:\/\/fullgospel-mission.org\/wp-content\/uploads\/2024\/02\/cropped-logotexte.png\",\"width\":2030,\"height\":722,\"caption\":\"Full Gospel Mission\"},\"image\":{\"@id\":\"https:\/\/fullgospel-mission.org\/fr\/#\/schema\/logo\/image\/\"}}]}<\/script>\n<!-- \/ Yoast SEO plugin. -->","yoast_head_json":{"title":"Chaplaincy - Full Gospel Mission","robots":{"index":"index","follow":"follow","max-snippet":"max-snippet:-1","max-image-preview":"max-image-preview:large","max-video-preview":"max-video-preview:-1"},"canonical":"https:\/\/fullgospel-mission.org\/fr\/chaplaincy\/","og_locale":"fr_FR","og_type":"article","og_title":"Chaplaincy - Full Gospel Mission","og_description":"CHAPLAINCY MINISTRY PRESENTATION The department currently operates in MPEC hospitals, prisons and schools. Founded in 2006. Persons in charge: Reveren","og_url":"https:\/\/fullgospel-mission.org\/fr\/chaplaincy\/","og_site_name":"Full Gospel Mission","article_modified_time":"2024-03-02T18:01:05+00:00","twitter_card":"summary_large_image","twitter_misc":{"Dur\u00e9e de lecture estim\u00e9e":"1 minute"},"schema":{"@context":"https:\/\/schema.org","@graph":[{"@type":"WebPage","@id":"https:\/\/fullgospel-mission.org\/fr\/chaplaincy\/","url":"https:\/\/fullgospel-mission.org\/fr\/chaplaincy\/","name":"Chaplaincy - Full Gospel Mission","isPartOf":{"@id":"https:\/\/fullgospel-mission.org\/fr\/#website"},"datePublished":"2023-12-16T14:51:39+00:00","dateModified":"2024-03-02T18:01:05+00:00","breadcrumb":{"@id":"https:\/\/fullgospel-mission.org\/fr\/chaplaincy\/#breadcrumb"},"inLanguage":"fr-FR","potentialAction":[{"@type":"ReadAction","target":["https:\/\/fullgospel-mission.org\/fr\/chaplaincy\/"]}]},{"@type":"BreadcrumbList","@id":"https:\/\/fullgospel-mission.org\/fr\/chaplaincy\/#breadcrumb","itemListElement":[{"@type":"ListItem","position":1,"name":"Home","item":"https:\/\/fullgospel-mission.org\/"},{"@type":"ListItem","position":2,"name":"Chaplaincy"}]},{"@type":"WebSite","@id":"https:\/\/fullgospel-mission.org\/fr\/#website","url":"https:\/\/fullgospel-mission.org\/fr\/","name":"Full Gospel Mission","description":"No others Christ - No others Gospel - No others Spirit","publisher":{"@id":"https:\/\/fullgospel-mission.org\/fr\/#organization"},"potentialAction":[{"@type":"SearchAction","target":{"@type":"EntryPoint","urlTemplate":"https:\/\/fullgospel-mission.org\/fr\/?s={search_term_string}"},"query-input":"required name=search_term_string"}],"inLanguage":"fr-FR"},{"@type":"Organization","@id":"https:\/\/fullgospel-mission.org\/fr\/#organization","name":"Full Gospel Mission","url":"https:\/\/fullgospel-mission.org\/fr\/","logo":{"@type":"ImageObject","inLanguage":"fr-FR","@id":"https:\/\/fullgospel-mission.org\/fr\/#\/schema\/logo\/image\/","url":"https:\/\/fullgospel-mission.org\/wp-content\/uploads\/2024\/02\/cropped-logotexte.png","contentUrl":"https:\/\/fullgospel-mission.org\/wp-content\/uploads\/2024\/02\/cropped-logotexte.png","width":2030,"height":722,"caption":"Full Gospel Mission"},"image":{"@id":"https:\/\/fullgospel-mission.org\/fr\/#\/schema\/logo\/image\/"}}]}},"_links":{"self":[{"href":"https:\/\/fullgospel-mission.org\/fr\/wp-json\/wp\/v2\/pages\/1393"}],"collection":[{"href":"https:\/\/fullgospel-mission.org\/fr\/wp-json\/wp\/v2\/pages"}],"about":[{"href":"https:\/\/fullgospel-mission.org\/fr\/wp-json\/wp\/v2\/types\/page"}],"author":[{"embeddable":true,"href":"https:\/\/fullgospel-mission.org\/fr\/wp-json\/wp\/v2\/users\/1"}],"replies":[{"embeddable":true,"href":"https:\/\/fullgospel-mission.org\/fr\/wp-json\/wp\/v2\/comments?post=1393"}],"version-history":[{"count":0,"href":"https:\/\/fullgospel-mission.org\/fr\/wp-json\/wp\/v2\/pages\/1393\/revisions"}],"wp:attachment":[{"href":"https:\/\/fullgospel-mission.org\/fr\/wp-json\/wp\/v2\/media?parent=1393"}],"curies":[{"name":"wp","href":"https:\/\/api.w.org\/{rel}","templated":true}]}}